{"id":9820,"date":"2021-05-03T07:49:35","date_gmt":"2021-05-03T06:49:35","guid":{"rendered":"https:\/\/www.golf-alcanada.com\/contacto\/"},"modified":"2025-09-04T10:09:29","modified_gmt":"2025-09-04T09:09:29","slug":"contact","status":"publish","type":"page","link":"https:\/\/www.golf-alcanada.com\/fr\/contact\/","title":{"rendered":"Contact"},"content":{"rendered":"<h1>Contactez-nous<\/h1>\n<ul>\n<li>\n\t\t\t\t\t\t\t\t\t\tCarretera del Faro s\/n 07400 Port d\u2019Alc\u00fadia, \u00eeles Bal\u00e9ares\n\t\t\t\t\t\t\t\t\t<\/li>\n<li>\n\t\t\t\t\t\t\t\t\t<\/li>\n<li>\n\t\t\t\t\t\t\t\t\t<\/li>\n<\/ul>\n<p>\t\t\t<iframe loading=\"lazy\"\n\t\t\t\t\tsrc=\"https:\/\/maps.google.com\/maps?q=Club%20de%20Golf%20Alcanada&#038;t=m&#038;z=15&#038;output=embed&#038;iwloc=near\"\n\t\t\t\t\ttitle=\"Club de Golf Alcanada\"\n\t\t\t\t\taria-label=\"Club de Golf Alcanada\"\n\t\t\t><\/iframe><\/p>\n","protected":false},"excerpt":{"rendered":"<p>Contactez-nous Carretera del Faro s\/n 07400 Port d\u2019Alc\u00fadia, \u00eeles Bal\u00e9ares<\/p>\n","protected":false},"author":1,"featured_media":0,"parent":0,"menu_order":0,"comment_status":"closed","ping_status":"closed","template":"","meta":{"footnotes":""},"class_list":["post-9820","page","type-page","status-publish","hentry"],"_links":{"self":[{"href":"https:\/\/www.golf-alcanada.com\/fr\/wp-json\/wp\/v2\/pages\/9820","targetHints":{"allow":["GET"]}}],"collection":[{"href":"https:\/\/www.golf-alcanada.com\/fr\/wp-json\/wp\/v2\/pages"}],"about":[{"href":"https:\/\/www.golf-alcanada.com\/fr\/wp-json\/wp\/v2\/types\/page"}],"author":[{"embeddable":true,"href":"https:\/\/www.golf-alcanada.com\/fr\/wp-json\/wp\/v2\/users\/1"}],"replies":[{"embeddable":true,"href":"https:\/\/www.golf-alcanada.com\/fr\/wp-json\/wp\/v2\/comments?post=9820"}],"version-history":[{"count":3,"href":"https:\/\/www.golf-alcanada.com\/fr\/wp-json\/wp\/v2\/pages\/9820\/revisions"}],"predecessor-version":[{"id":15476,"href":"https:\/\/www.golf-alcanada.com\/fr\/wp-json\/wp\/v2\/pages\/9820\/revisions\/15476"}],"wp:attachment":[{"href":"https:\/\/www.golf-alcanada.com\/fr\/wp-json\/wp\/v2\/media?parent=9820"}],"curies":[{"name":"wp","href":"https:\/\/api.w.org\/{rel}","templated":true}]}}