{"id":12334,"date":"2021-05-03T07:27:39","date_gmt":"2021-05-03T06:27:39","guid":{"rendered":"https:\/\/www.golf-alcanada.com\/politica-de-cookies\/"},"modified":"2021-05-03T07:27:39","modified_gmt":"2021-05-03T06:27:39","slug":"politica-de-cookies","status":"publish","type":"page","link":"https:\/\/www.golf-alcanada.com\/fr\/politica-de-cookies\/","title":{"rendered":"Pol\u00edtica de cookies"},"content":{"rendered":"<h1>Pol\u00edtica de cookies<\/h1>\n<p>1.- ANTECEDENTES<\/p>\n<p>De conformidad con la normativa espa\u00f1ola que regula el uso de cookies en relaci\u00f3n a la prestaci\u00f3n de<br \/>servicios de comunicaciones electr\u00f3nicas, recogida en el art\u00edculo 22.2 de la Ley 34\/2002, del 11 de julio, de<br \/>servicios de la sociedad de la informaci\u00f3n y de comercio electr\u00f3nico, le informamos sobre las cookies<br \/>utilizadas en el sitio web de AUCANADA SAU y el motivo de su uso.<\/p>\n<p>\u00a0<\/p>\n<p>2.- \u00bfQUE SON LAS COOKIES?<\/p>\n<p>Una cookie es un fichero que se descarga en su ordenador al acceder a determinadas p\u00e1ginas web. Las<br \/>cookies permiten a una p\u00e1gina web, entre otras cosas, almacenar y recuperar informaci\u00f3n sobre los h\u00e1bitos<br \/>de navegaci\u00f3n de un usuario o de su equipo y, dependiendo de la informaci\u00f3n que contengan y de la forma<br \/>en que utilice su equipo, pueden utilizarse para reconocer al usuario. Las cookies se asocian \u00fanicamente a<br \/>un usuario an\u00f3nimo y su ordenador o dispositivo y no proporcionan referencias que permitan conocer sus<br \/>datos personales.<\/p>\n<p>3.- TIPOS DE COOKIES<\/p>\n<p>3.1.- Seg\u00fan la entidad que las gestiona<br \/>a.- Cookies propias: Son aqu\u00e9llas que se env\u00edan al equipo terminal del usuario desde un equipo o dominio<br \/>gestionado por el propio editor y desde el que se presta el servicio solicitado por el usuario.<br \/>b.- Cookies de terceros: Son aqu\u00e9llas que se env\u00edan al equipo terminal del usuario desde un equipo o<br \/>dominio que no es gestionado por el editor, sino por otra entidad que trata los datos obtenidos a trav\u00e9s de<br \/>las cookies.<\/p>\n<p>3.2.- Seg\u00fan la finalidad<br \/>Existen muchas finalidades para el uso de las cookies. Seg\u00fan la finalidad para la que se traten los datos<br \/>obtenidos a trav\u00e9s de las cookies, algunas de las finalidades pueden ser:<br \/>a) Cookies t\u00e9cnicas: son aquellas que permiten al usuario la navegaci\u00f3n a trav\u00e9s de una p\u00e1gina web,<br \/>plataforma o aplicaci\u00f3n y la utilizaci\u00f3n de las diferentes opciones o servicios que en ella existan, incluyendo<br \/>aquellas que el editor utiliza para permitir la gesti\u00f3n y operativa de la p\u00e1gina web y habilitar sus funciones y<br \/>servicios, como, por ejemplo, controlar el tr\u00e1fico y la comunicaci\u00f3n de datos, identificar la sesi\u00f3n, acceder a<br \/>partes de acceso restringido, recordar los elementos que integran un pedido, realizar el proceso de compra<br \/>de un pedido, gestionar el pago, controlar el fraude vinculado a la seguridad del servicio, realizar la solicitud<br \/>de inscripci\u00f3n o participaci\u00f3n en un evento, contar visitas a efectos de la facturaci\u00f3n de licencias del<br \/>software con el que funciona el servicio (sitio web, plataforma o aplicaci\u00f3n), utilizar elementos de seguridad<br \/>durante la navegaci\u00f3n, almacenar contenidos para la difusi\u00f3n de v\u00eddeos o sonido, habilitar contenidos<br \/>din\u00e1micos (por ejemplo, animaci\u00f3n de carga de un texto o imagen) o compartir contenidos a trav\u00e9s de redes<br \/>sociales.<br \/>Las cookies t\u00e9cnicas estar\u00e1n exceptuadas del cumplimiento de las obligaciones establecidas en el art\u00edculo<br \/>22.2 de la LSSI cuando permitan prestar el servicio solicitado por el usuario, como ocurre en el caso de las<br \/>cookies enumeradas en los p\u00e1rrafos anteriores. Sin embargo, si estas cookies se utilizan tambi\u00e9n para<br \/>finalidades no exentas (por ejemplo, para fines publicitarios comportamentales), quedar\u00e1n sujetas a dichas<br \/>obligaciones.<br \/>b) Cookies de preferencias o personalizaci\u00f3n: son aquellas que permiten recordar informaci\u00f3n para que el<br \/>usuario acceda al servicio con determinadas caracter\u00edsticas que pueden diferenciar su experiencia de la de<br \/>otros usuarios, como, por ejemplo, el idioma, el n\u00famero de resultados a mostrar cuando el usuario realiza<br \/>una b\u00fasqueda, el aspecto o contenido del servicio en funci\u00f3n del tipo de navegador a trav\u00e9s del cual el<br \/>usuario accede al servicio o de la regi\u00f3n desde la que accede al servicio, etc.<br \/>Si es el propio usuario quien elige esas caracter\u00edsticas (por ejemplo, si selecciona el idioma de un sitio web<br \/>clicando en el icono de la bandera del pa\u00eds correspondiente), las cookies estar\u00e1n exceptuadas de las<br \/>obligaciones del art\u00edculo 22.2 de la LSSI por considerarse un servicio expresamente solicitado por el usuario,<br \/>y ello siempre y cuando las cookies obedezcan exclusivamente a la finalidad seleccionada.<br \/>c) Cookies de an\u00e1lisis o medici\u00f3n: son aquellas que permiten al responsable de las mismas el seguimiento y<br \/>an\u00e1lisis del comportamiento de los usuarios de los sitios web a los que est\u00e1n vinculadas, incluida la<br \/>cuantificaci\u00f3n de los impactos de los anuncios. La informaci\u00f3n recogida mediante este tipo de cookies se<br \/>utiliza en la medici\u00f3n de la actividad de los sitios web, aplicaci\u00f3n o plataforma, con el fin de introducir<br \/>mejoras en funci\u00f3n del an\u00e1lisis de los datos de uso que hacen los usuarios del servicio.<br \/>d) Cookies de publicidad comportamental: son aquellas que almacenan informaci\u00f3n del comportamiento<br \/>de los usuarios obtenida a trav\u00e9s de la observaci\u00f3n continuada de sus h\u00e1bitos de navegaci\u00f3n, lo que permite<br \/>desarrollar un perfil espec\u00edfico para mostrar publicidad en funci\u00f3n del mismo.<\/p>\n<p>3.3.- Seg\u00fan el plazo de tiempo que permanecen activadas<br \/>a) Cookies de sesi\u00f3n: son aquellas dise\u00f1adas para recabar y almacenar datos mientras el usuario accede a<br \/>una p\u00e1gina web. Se suelen emplear para almacenar informaci\u00f3n que solo interesa conservar para la<br \/>prestaci\u00f3n del servicio solicitado por el usuario en una sola ocasi\u00f3n (por ejemplo, una lista de productos<br \/>adquiridos) y desaparecen al terminar la sesi\u00f3n.<br \/>b) Cookies persistentes: son aquellas en las que los datos siguen almacenados en el terminal y pueden ser<br \/>accedidos y tratados durante un periodo definido por el responsable de la cookie, y que puede ir de unos<br \/>minutos a varios a\u00f1os.<\/p>\n<p>\u00a0<\/p>\n<p>4.- LISTADO DE COOKIES UTILIZADAS POR ESTE SITIO WEB<\/p>\n<p>La utilizaci\u00f3n de las\u00a0cookies\u00a0ofrece ventajas en la prestaci\u00f3n de servicios dentro de lo que se conoce como la<br \/>sociedad de la informaci\u00f3n, puesto que, facilita al usuario la navegaci\u00f3n y el acceso a los diferentes servicios<br \/>que ofrece este sitio web; evita al usuario tener que configurar las caracter\u00edsticas generales predefinidas<br \/>cada vez que accede al sitio web; favorece la mejora del funcionamiento y de los servicios prestados a trav\u00e9s<br \/>de este sitio web, tras el correspondiente an\u00e1lisis de la informaci\u00f3n obtenida a trav\u00e9s de<br \/>las\u00a0cookies\u00a0instaladas.<br \/>En concreto este sitio web utiliza las siguientes cookies:<br \/><\/p>\n<p>5.- REVOCACI\u00d3N Y ELIMINACI\u00d3N DE COOKIES<br \/>En todo momento podr\u00e1 acceder a la configuraci\u00f3n de su navegador aceptando o rechazando todas las<br \/>cookies, o bien seleccionar aqu\u00e9llas cuya instalaci\u00f3n admite y cu\u00e1les no, siguiendo los procedimientos<br \/>propios del navegador que utilice.<\/p>\n<p>6.- TERCEROS PRESTADORES DE SERVICIOS<br \/>Los terceros prestadores de servicios con los que hemos contratado alg\u00fan servicio para el que es necesario<br \/>la utilizaci\u00f3n de cookies son los que se listan a continuaci\u00f3n:<\/p>\n","protected":false},"excerpt":{"rendered":"<p>Pol\u00edtica de cookies 1.- ANTECEDENTES De conformidad con la normativa espa\u00f1ola que regula el uso de cookies en relaci\u00f3n a la prestaci\u00f3n deservicios de comunicaciones electr\u00f3nicas, recogida en el art\u00edculo 22.2 de la Ley 34\/2002, del 11 de julio, deservicios de la sociedad de la informaci\u00f3n y de comercio electr\u00f3nico, le informamos sobre las cookiesutilizadas [&hellip;]<\/p>\n","protected":false},"author":1,"featured_media":0,"parent":0,"menu_order":0,"comment_status":"closed","ping_status":"closed","template":"","meta":{"footnotes":""},"class_list":["post-12334","page","type-page","status-publish","hentry"],"_links":{"self":[{"href":"https:\/\/www.golf-alcanada.com\/fr\/wp-json\/wp\/v2\/pages\/12334","targetHints":{"allow":["GET"]}}],"collection":[{"href":"https:\/\/www.golf-alcanada.com\/fr\/wp-json\/wp\/v2\/pages"}],"about":[{"href":"https:\/\/www.golf-alcanada.com\/fr\/wp-json\/wp\/v2\/types\/page"}],"author":[{"embeddable":true,"href":"https:\/\/www.golf-alcanada.com\/fr\/wp-json\/wp\/v2\/users\/1"}],"replies":[{"embeddable":true,"href":"https:\/\/www.golf-alcanada.com\/fr\/wp-json\/wp\/v2\/comments?post=12334"}],"version-history":[{"count":0,"href":"https:\/\/www.golf-alcanada.com\/fr\/wp-json\/wp\/v2\/pages\/12334\/revisions"}],"wp:attachment":[{"href":"https:\/\/www.golf-alcanada.com\/fr\/wp-json\/wp\/v2\/media?parent=12334"}],"curies":[{"name":"wp","href":"https:\/\/api.w.org\/{rel}","templated":true}]}}