{"id":2126,"date":"2022-03-10T13:13:00","date_gmt":"2022-03-10T12:13:00","guid":{"rendered":"https:\/\/www.golf-alcanada.com\/?page_id=2126"},"modified":"2025-09-01T14:51:25","modified_gmt":"2025-09-01T13:51:25","slug":"organiza-tu-evento","status":"publish","type":"page","link":"https:\/\/www.golf-alcanada.com\/es\/organiza-tu-evento\/","title":{"rendered":"Organiza tu evento"},"content":{"rendered":"<p>Eventos<\/p>\n<p>El <i>Club de Golf Alcanada <\/i>es el lugar ideal para sus grandes y peque\u00f1os eventos de golf<\/p>\n<h2><b>Su evento<\/b><br \/>\n<i style=\"font-size: 48px;\">en Club de Golf Alcanada<\/i><\/h2>\n<p>Un equipo profesional en marketing y asesoramiento de eventos de golf le acompa\u00f1ar\u00e1 y asistir\u00e1 durante la preparaci\u00f3n y elaboraci\u00f3n de su evento. Para competiciones de 9 o 18 hoyos, torneos de shotgun y la organizaci\u00f3n de las salidas de grupos peque\u00f1os privados, Alcanada deber\u00eda ser su primera elecci\u00f3n. Pregunten e inf\u00f3rmense sobre nuestros paquetes de grupos y torneos incluyendo tarjetas de puntuaci\u00f3n y su c\u00e1lculo, precios, picnics, regalos\/premios, etc.<\/p>\n<p>La magnitud de su evento no es ning\u00fan inconveniente para el Club de Golf Alcanada, estamos preparados para organizar eventos de entre 10 a 150 jugadores cumpliendo con todos sus deseos y necesidades.<\/p>\n<p><a role=\"button\" href=\"https:\/\/www.golf-alcanada.com\/es\/contacto\/\" target=\"_blank\" rel=\"noopener\"><br \/>\ncontacte con nosotros<br \/>\n<\/a><br \/>\n<img loading=\"lazy\" decoding=\"async\" src=\"https:\/\/www.golf-alcanada.com\/wp-content\/uploads\/2022\/08\/golf-alcanada-Putting-Green-02-1024x683.jpg\" sizes=\"auto, (max-width: 800px) 100vw, 800px\" srcset=\"https:\/\/www.golf-alcanada.com\/wp-content\/uploads\/2022\/08\/golf-alcanada-Putting-Green-02-1024x683.jpg 1024w, https:\/\/www.golf-alcanada.com\/wp-content\/uploads\/2022\/08\/golf-alcanada-Putting-Green-02-300x200.jpg 300w, https:\/\/www.golf-alcanada.com\/wp-content\/uploads\/2022\/08\/golf-alcanada-Putting-Green-02-768x512.jpg 768w, https:\/\/www.golf-alcanada.com\/wp-content\/uploads\/2022\/08\/golf-alcanada-Putting-Green-02.jpg 1200w\" alt=\"\" width=\"800\" height=\"534\" title=\"\"><\/p>\n","protected":false},"excerpt":{"rendered":"<p>Eventos El Club de Golf Alcanada es el lugar ideal para sus grandes y peque\u00f1os eventos de golf Su evento en Club de Golf Alcanada Un equipo profesional en marketing y asesoramiento de eventos de golf le acompa\u00f1ar\u00e1 y asistir\u00e1 durante la preparaci\u00f3n y elaboraci\u00f3n de su evento. Para competiciones de 9 o 18 hoyos, [&hellip;]<\/p>\n","protected":false},"author":1,"featured_media":0,"parent":0,"menu_order":0,"comment_status":"closed","ping_status":"closed","template":"","meta":{"footnotes":""},"class_list":["post-2126","page","type-page","status-publish","hentry"],"_links":{"self":[{"href":"https:\/\/www.golf-alcanada.com\/es\/wp-json\/wp\/v2\/pages\/2126","targetHints":{"allow":["GET"]}}],"collection":[{"href":"https:\/\/www.golf-alcanada.com\/es\/wp-json\/wp\/v2\/pages"}],"about":[{"href":"https:\/\/www.golf-alcanada.com\/es\/wp-json\/wp\/v2\/types\/page"}],"author":[{"embeddable":true,"href":"https:\/\/www.golf-alcanada.com\/es\/wp-json\/wp\/v2\/users\/1"}],"replies":[{"embeddable":true,"href":"https:\/\/www.golf-alcanada.com\/es\/wp-json\/wp\/v2\/comments?post=2126"}],"version-history":[{"count":10,"href":"https:\/\/www.golf-alcanada.com\/es\/wp-json\/wp\/v2\/pages\/2126\/revisions"}],"predecessor-version":[{"id":14778,"href":"https:\/\/www.golf-alcanada.com\/es\/wp-json\/wp\/v2\/pages\/2126\/revisions\/14778"}],"wp:attachment":[{"href":"https:\/\/www.golf-alcanada.com\/es\/wp-json\/wp\/v2\/media?parent=2126"}],"curies":[{"name":"wp","href":"https:\/\/api.w.org\/{rel}","templated":true}]}}